{"id":105,"date":"2023-11-29T11:07:17","date_gmt":"2023-11-29T10:07:17","guid":{"rendered":"https:\/\/www.yukisan-naturo.fr\/?page_id=105"},"modified":"2025-06-18T18:41:01","modified_gmt":"2025-06-18T16:41:01","slug":"reiki","status":"publish","type":"page","link":"https:\/\/www.yukisan-naturo.fr\/index.php\/reiki\/","title":{"rendered":"Reiki &amp; S\u00e9ance bien-\u00eatre"},"content":{"rendered":"\n<p class=\"has-text-align-left has-text-color has-link-color has-large-font-size wp-elements-16730289b4eb9de000238740da23eefa\" style=\"color:#d09d1c\">\ud83e\uddd8\u200d\u2640\ufe0f <strong>Reiki \u2013 L\u2019\u00e9nergie au service de votre \u00e9quilibre int\u00e9rieur<\/strong><\/p>\n\n\n\n<p class=\"has-text-align-left has-text-color has-link-color has-large-font-size wp-elements-9c941e46dd92ff2841cc5e7474342146\" style=\"color:#d09d1c\">Une m\u00e9thode douce pour harmoniser le corps, l\u2019esprit et les \u00e9motions<\/p>\n\n\n\n<p class=\"has-text-color has-link-color has-medium-font-size wp-elements-7fb88e1e532428db2e4637564bb78643\" style=\"color:#20966f\">Le Reiki est une m\u00e9thode \u00e9nerg\u00e9tique d\u2019origine japonaise, fond\u00e9e par <strong>Mikao Usui<\/strong> au d\u00e9but du XXe si\u00e8cle.<br>Bas\u00e9e sur la transmission d\u2019\u00e9nergie par les mains, cette pratique vise \u00e0 r\u00e9\u00e9quilibrer les centres \u00e9nerg\u00e9tiques du corps (chakras) et \u00e0 relancer le processus naturel d\u2019<strong>autogu\u00e9rison<\/strong>.<\/p>\n\n\n<div class=\"wp-block-image is-style-rounded\">\n<figure class=\"aligncenter size-full is-resized\"><img loading=\"lazy\" decoding=\"async\" width=\"940\" height=\"788\" src=\"https:\/\/www.yukisan-naturo.fr\/wp-content\/uploads\/2025\/06\/reiki-seance.png\" alt=\"S\u00e9ance Reiki \u00e9nerg\u00e9tique pour bien-\u00eatre et relaxation\" class=\"wp-image-253\" style=\"width:398px;height:auto\" srcset=\"https:\/\/www.yukisan-naturo.fr\/wp-content\/uploads\/2025\/06\/reiki-seance.png 940w, https:\/\/www.yukisan-naturo.fr\/wp-content\/uploads\/2025\/06\/reiki-seance-300x251.png 300w, https:\/\/www.yukisan-naturo.fr\/wp-content\/uploads\/2025\/06\/reiki-seance-768x644.png 768w\" sizes=\"auto, (max-width: 940px) 100vw, 940px\" \/><\/figure>\n<\/div>\n\n\n<p class=\"has-text-color has-link-color has-medium-font-size wp-elements-35cbf6e13bb5a34fbb11d5469b08ea32\" style=\"color:#20966f\"><\/p>\n\n\n\n<p class=\"has-text-align-center has-text-color has-link-color has-medium-font-size wp-elements-ecdbc2cf4bdfdb921d8780090be84647\" style=\"color:#20966f\">Les bienfaits d\u2019une s\u00e9ance de Reiki :<\/p>\n\n\n\n<p class=\"has-text-align-center has-text-color has-link-color has-medium-font-size wp-elements-2beb18a259bda85b85051391ca4334c9\" style=\"color:#20966f\">Apaisement du stress et des tensions<\/p>\n\n\n\n<p class=\"has-text-align-center has-text-color has-link-color has-medium-font-size wp-elements-60fdb5d564354e3236653c94386ee5ed\" style=\"color:#20966f\">Am\u00e9lioration de la qualit\u00e9 du sommeil<\/p>\n\n\n\n<p class=\"has-text-align-center has-text-color has-link-color has-medium-font-size wp-elements-577effc209077aa16f09cedfc68b3773\" style=\"color:#20966f\">Soutien en p\u00e9riode de fatigue, burn-out ou transition de vie<\/p>\n\n\n\n<p class=\"has-text-align-center has-text-color has-link-color has-medium-font-size wp-elements-f025aa6fe08235b6a7df1905cfddefb5\" style=\"color:#20966f\">Renforcement du syst\u00e8me immunitaire<\/p>\n\n\n\n<p class=\"has-text-align-center has-text-color has-link-color has-medium-font-size wp-elements-4cd534bc955287fb3834a1055adad126\" style=\"color:#20966f\">Lib\u00e9ration des blocages \u00e9motionnels<\/p>\n\n\n\n<p class=\"has-text-color has-link-color has-medium-font-size wp-elements-35cbf6e13bb5a34fbb11d5469b08ea32\" style=\"color:#20966f\"><\/p>\n\n\n<div class=\"wp-block-image is-style-default\">\n<figure class=\"aligncenter size-full is-resized\"><img loading=\"lazy\" decoding=\"async\" width=\"940\" height=\"788\" src=\"https:\/\/www.yukisan-naturo.fr\/wp-content\/uploads\/2025\/06\/chakras.png\" alt=\"\u00c9quilibre des chakras par l\u2019\u00e9nergie Reiki\" class=\"wp-image-254\" style=\"width:486px;height:auto\" srcset=\"https:\/\/www.yukisan-naturo.fr\/wp-content\/uploads\/2025\/06\/chakras.png 940w, https:\/\/www.yukisan-naturo.fr\/wp-content\/uploads\/2025\/06\/chakras-300x251.png 300w, https:\/\/www.yukisan-naturo.fr\/wp-content\/uploads\/2025\/06\/chakras-768x644.png 768w\" sizes=\"auto, (max-width: 940px) 100vw, 940px\" \/><\/figure>\n<\/div>\n\n\n<p class=\"has-text-color has-link-color has-medium-font-size wp-elements-7bd3c1c3d97ac2e9d126aaa6652ca5b3\" style=\"color:#20966f\">\ud83c\udf00 Le Reiki agit en douceur et en profondeur, cr\u00e9ant une sensation de <strong>bien-\u00eatre global et durable<\/strong>.<\/p>\n\n\n\n<p class=\"has-text-align-left has-text-color has-link-color has-large-font-size wp-elements-b8ef8919d2789fcccdb358d084a3d051\" style=\"color:#d09d1c\">\u2728 <strong>Une m\u00e9thode universelle, accessible \u00e0 tous<\/strong><\/p>\n\n\n\n<p class=\"has-text-color has-link-color has-medium-font-size wp-elements-7432c0411c9fb05b4877aebf8ef21c36\" style=\"color:#20966f\">L\u2019un des grands atouts du Reiki : <strong>il n\u2019a aucune contre-indication<\/strong>. Il convient \u00e0 tous, quels que soient l\u2019\u00e2ge ou l\u2019\u00e9tat de sant\u00e9.<\/p>\n\n\n\n<p class=\"has-text-color has-link-color has-medium-font-size wp-elements-c591dd28636eb4f00f6ecce214b483d2\" style=\"color:#20966f\">\ud83d\udd39 Que vous soyez en qu\u00eate de d\u00e9tente, dans une p\u00e9riode de transformation, ou simplement curieux(se), le Reiki peut vous accompagner, \u00e0 votre rythme.<\/p>\n\n\n\n<p class=\"has-text-color has-link-color has-medium-font-size wp-elements-0f3d5a4117e69ca24991a3aae1637c53\" style=\"color:#20966f\">\ud83d\udd14 Le pire qui puisse arriver pendant une s\u00e9ance\u2026 c\u2019est que vous ne ressentiez rien de particulier. Mais la plupart des personnes t\u00e9moignent d\u2019une <strong>sensation de paix int\u00e9rieure imm\u00e9diate<\/strong>, voire d\u2019un sommeil r\u00e9parateur dans les heures qui suivent.<\/p>\n\n\n\n<p class=\"has-text-align-left has-text-color has-link-color has-large-font-size wp-elements-83924cc01349c9e40f2dadfd75a7d2b6\" style=\"color:#d09d1c\">\ud83d\udc86\u200d\u2640\ufe0f <strong>Comment se d\u00e9roule une s\u00e9ance ?<\/strong><\/p>\n\n\n\n<p class=\"has-text-color has-link-color has-medium-font-size wp-elements-7fcab579882e7e47fc16fc99a69691d2\" style=\"color:#20966f\">Une s\u00e9ance de Reiki se d\u00e9roule habill\u00e9(e), allong\u00e9(e) sur une table de massage ou assis(e), selon vos besoins.<\/p>\n\n\n\n<p class=\"has-text-color has-link-color has-medium-font-size wp-elements-3ccbd1ef6d093cc4991ab6076e0ff886\" style=\"color:#20966f\">Je pose doucement mes mains sur des zones pr\u00e9cises du corps<\/p>\n\n\n\n<p class=\"has-text-color has-link-color has-medium-font-size wp-elements-46128306f5438c2b50e8601a059b1893\" style=\"color:#20966f\">Vous n\u2019avez rien \u00e0 faire, simplement vous d\u00e9tendre et <strong>recevoir<\/strong><\/p>\n\n\n\n<p class=\"has-text-color has-link-color has-medium-font-size wp-elements-982c15013fe84163d0922c084caef981\" style=\"color:#20966f\">L\u2019\u00e9nergie circule l\u00e0 o\u00f9 elle est n\u00e9cessaire, sans effort ni intrusion<\/p>\n\n\n<div class=\"wp-block-image is-style-rounded\">\n<figure class=\"aligncenter size-full is-resized\"><img loading=\"lazy\" decoding=\"async\" width=\"940\" height=\"788\" src=\"https:\/\/www.yukisan-naturo.fr\/wp-content\/uploads\/2025\/06\/praticienne-reiki.png\" alt=\"Praticienne Reiki en s\u00e9ance \u00e9nerg\u00e9tique\" class=\"wp-image-255\" style=\"width:449px;height:auto\" srcset=\"https:\/\/www.yukisan-naturo.fr\/wp-content\/uploads\/2025\/06\/praticienne-reiki.png 940w, https:\/\/www.yukisan-naturo.fr\/wp-content\/uploads\/2025\/06\/praticienne-reiki-300x251.png 300w, https:\/\/www.yukisan-naturo.fr\/wp-content\/uploads\/2025\/06\/praticienne-reiki-768x644.png 768w\" sizes=\"auto, (max-width: 940px) 100vw, 940px\" \/><\/figure>\n<\/div>\n\n\n<p class=\"has-text-color has-link-color has-medium-font-size wp-elements-25800246b126a3495f18021b314065e2\" style=\"color:#20966f\">Chaque s\u00e9ance dure environ <strong>1h \u00e0 1h15<\/strong>, et peut \u00eatre ponctuelle ou s\u2019inscrire dans un accompagnement plus global (\u00e9motionnel, physique, \u00e9nerg\u00e9tique).<\/p>\n\n\n\n<p class=\"has-text-align-left has-text-color has-link-color has-large-font-size wp-elements-87f21b1d8feb07463189012ee580a716\" style=\"color:#d09d1c\">\ud83d\uddd3\ufe0f <strong>Pr\u00eat(e) \u00e0 exp\u00e9rimenter les bienfaits du Reiki ?<\/strong><\/p>\n\n\n\n<p class=\"has-text-color has-link-color has-medium-font-size wp-elements-3b10a3eea6eab5e0eb10220138cf4b3f\" style=\"color:#20966f\">Que vous soyez novice ou adepte, je vous accueille pour une s\u00e9ance dans un cadre <strong>chaleureux, s\u00e9curisant et bienveillant<\/strong>.<\/p>\n\n\n<div class=\"wp-block-image is-style-rounded\">\n<figure class=\"aligncenter size-full is-resized\"><img loading=\"lazy\" decoding=\"async\" width=\"940\" height=\"788\" src=\"https:\/\/www.yukisan-naturo.fr\/wp-content\/uploads\/2025\/06\/detendue-reiki.png\" alt=\"D\u00e9tente profonde apr\u00e8s une s\u00e9ance Reiki\" class=\"wp-image-256\" style=\"width:360px;height:auto\" srcset=\"https:\/\/www.yukisan-naturo.fr\/wp-content\/uploads\/2025\/06\/detendue-reiki.png 940w, https:\/\/www.yukisan-naturo.fr\/wp-content\/uploads\/2025\/06\/detendue-reiki-300x251.png 300w, https:\/\/www.yukisan-naturo.fr\/wp-content\/uploads\/2025\/06\/detendue-reiki-768x644.png 768w\" sizes=\"auto, (max-width: 940px) 100vw, 940px\" \/><\/figure>\n<\/div>\n\n\n<p class=\"has-text-color has-link-color has-medium-font-size wp-elements-6adb0da1b9b56b87eaf7bdbb1fa52ec7\" style=\"color:#20966f\">\u2728 Offrez-vous une pause pour <strong>vous reconnecter \u00e0 vous-m\u00eame<\/strong>.<br>\ud83d\udcde R\u00e9servez votre s\u00e9ance d\u00e8s maintenant.<\/p>\n\n\n\n<p><\/p>\n","protected":false},"excerpt":{"rendered":"<p>\ud83e\uddd8\u200d\u2640\ufe0f Reiki \u2013 L\u2019\u00e9nergie au service de votre \u00e9quilibre int\u00e9rieur Une m\u00e9thode douce pour harmoniser le corps, l\u2019esprit et les \u00e9motions Le Reiki est une m\u00e9thode \u00e9nerg\u00e9tique d\u2019origine japonaise, fond\u00e9e &hellip; <\/p>\n","protected":false},"author":1,"featured_media":200,"parent":0,"menu_order":0,"comment_status":"closed","ping_status":"closed","template":"","meta":{"footnotes":"[]"},"class_list":["post-105","page","type-page","status-publish","has-post-thumbnail","hentry"],"_links":{"self":[{"href":"https:\/\/www.yukisan-naturo.fr\/index.php\/wp-json\/wp\/v2\/pages\/105","targetHints":{"allow":["GET"]}}],"collection":[{"href":"https:\/\/www.yukisan-naturo.fr\/index.php\/wp-json\/wp\/v2\/pages"}],"about":[{"href":"https:\/\/www.yukisan-naturo.fr\/index.php\/wp-json\/wp\/v2\/types\/page"}],"author":[{"embeddable":true,"href":"https:\/\/www.yukisan-naturo.fr\/index.php\/wp-json\/wp\/v2\/users\/1"}],"replies":[{"embeddable":true,"href":"https:\/\/www.yukisan-naturo.fr\/index.php\/wp-json\/wp\/v2\/comments?post=105"}],"version-history":[{"count":6,"href":"https:\/\/www.yukisan-naturo.fr\/index.php\/wp-json\/wp\/v2\/pages\/105\/revisions"}],"predecessor-version":[{"id":257,"href":"https:\/\/www.yukisan-naturo.fr\/index.php\/wp-json\/wp\/v2\/pages\/105\/revisions\/257"}],"wp:featuredmedia":[{"embeddable":true,"href":"https:\/\/www.yukisan-naturo.fr\/index.php\/wp-json\/wp\/v2\/media\/200"}],"wp:attachment":[{"href":"https:\/\/www.yukisan-naturo.fr\/index.php\/wp-json\/wp\/v2\/media?parent=105"}],"curies":[{"name":"wp","href":"https:\/\/api.w.org\/{rel}","templated":true}]}}