{"id":106,"date":"2023-11-29T10:18:20","date_gmt":"2023-11-29T09:18:20","guid":{"rendered":"https:\/\/www.yukisan-naturo.fr\/?page_id=106"},"modified":"2025-06-18T18:41:30","modified_gmt":"2025-06-18T16:41:30","slug":"aromatherapie","status":"publish","type":"page","link":"https:\/\/www.yukisan-naturo.fr\/index.php\/aromatherapie\/","title":{"rendered":"Aromath\u00e9rapie &amp; Ateliers"},"content":{"rendered":"\n<p class=\"has-text-color has-link-color has-large-font-size wp-elements-de30d547433a6c311d3a7ae80a77bdf6\" style=\"color:#d09d1c\">\ud83e\udeb7 <strong>Aromath\u00e9rapie \u2013 Le pouvoir naturel des huiles essentielles<\/strong><\/p>\n\n\n\n<p class=\"has-text-color has-link-color has-large-font-size wp-elements-cac418bf97745b9470b7b8a82454b56d\" style=\"color:#d09d1c\">Un voyage sensoriel au c\u0153ur du bien-\u00eatre<\/p>\n\n\n\n<p class=\"has-text-color has-link-color has-medium-font-size wp-elements-709c935477186e70ab496f651b1615c9\" style=\"color:#20966f\">L\u2019aromath\u00e9rapie est l\u2019art d\u2019utiliser les huiles essentielles pour prendre soin de soi naturellement. Ces extraits concentr\u00e9s de plantes poss\u00e8dent des propri\u00e9t\u00e9s puissantes qui agissent \u00e0 la fois sur le corps et l\u2019esprit.<\/p>\n\n\n\n<p class=\"has-text-color has-link-color has-medium-font-size wp-elements-ffe5cbc4f4b76f1052c323b1810f76f9\" style=\"color:#20966f\">Utilis\u00e9es avec justesse, les huiles essentielles peuvent :<\/p>\n\n\n\n<p class=\"has-text-color has-link-color has-medium-font-size wp-elements-86f6d15fea1261677deb2a47bff6ec16\" style=\"color:#20966f\">soulager le stress et les tensions,<\/p>\n\n\n\n<p class=\"has-text-color has-link-color has-medium-font-size wp-elements-debef44fcd8ee4c8a930b4c49ec82f4a\" style=\"color:#20966f\">am\u00e9liorer la qualit\u00e9 du sommeil,<\/p>\n\n\n\n<p class=\"has-text-color has-link-color has-medium-font-size wp-elements-753127063ce194574b62b8f2efe2ecd4\" style=\"color:#20966f\">renforcer les d\u00e9fenses naturelles,<\/p>\n\n\n\n<p class=\"has-text-color has-link-color has-medium-font-size wp-elements-39c9e045ce3d94138e5eeac4e13f7c73\" style=\"color:#20966f\">et cr\u00e9er une atmosph\u00e8re apaisante au quotidien.<\/p>\n\n\n\n<p class=\"has-text-color has-link-color has-medium-font-size wp-elements-dff1b4c66bd711a9ff5134177d03763e\" style=\"color:#20966f\">\ud83d\udca7 Quelques gouttes suffisent parfois pour transformer une journ\u00e9e ordinaire en moment de mieux-\u00eatre.<\/p>\n\n\n<div class=\"wp-block-image is-style-rounded\">\n<figure class=\"aligncenter size-full is-resized\"><img loading=\"lazy\" decoding=\"async\" width=\"940\" height=\"788\" src=\"https:\/\/www.yukisan-naturo.fr\/wp-content\/uploads\/2025\/06\/huile-essentielle.png\" alt=\"Huiles essentielles naturelles et plantes aromatiques\" class=\"wp-image-247\" style=\"width:394px;height:auto\" srcset=\"https:\/\/www.yukisan-naturo.fr\/wp-content\/uploads\/2025\/06\/huile-essentielle.png 940w, https:\/\/www.yukisan-naturo.fr\/wp-content\/uploads\/2025\/06\/huile-essentielle-300x251.png 300w, https:\/\/www.yukisan-naturo.fr\/wp-content\/uploads\/2025\/06\/huile-essentielle-768x644.png 768w\" sizes=\"auto, (max-width: 940px) 100vw, 940px\" \/><\/figure>\n<\/div>\n\n\n<p class=\"has-text-color has-link-color has-large-font-size wp-elements-873384f90ee23d0b3eff13d252d52b60\" style=\"color:#d09d1c\">\ud83c\udf3f <strong>Les huiles essentielles au service de votre sant\u00e9<\/strong><\/p>\n\n\n\n<p class=\"has-text-color has-link-color has-medium-font-size wp-elements-dab091d318c5f95cd171ade1feb31835\" style=\"color:#20966f\">Chaque huile essentielle poss\u00e8de une action sp\u00e9cifique. Voici quelques exemples parmi les plus connues :<\/p>\n\n\n\n<p class=\"has-text-color has-link-color has-medium-font-size wp-elements-35cbf6e13bb5a34fbb11d5469b08ea32\" style=\"color:#20966f\"><\/p>\n\n\n\n<figure class=\"wp-block-table\"><table class=\"has-text-color has-link-color has-fixed-layout\" style=\"color:#20966f\"><thead><tr><th>Huile essentielle<\/th><th>Bienfaits principaux<\/th><\/tr><\/thead><tbody><tr><td>Lavande vraie<\/td><td>Apaisante, anti-stress, favorise le sommeil<\/td><\/tr><tr><td>Tea tree (arbre \u00e0 th\u00e9)<\/td><td>Antibact\u00e9rienne, immuno-fortifiante<\/td><\/tr><tr><td>Menthe poivr\u00e9e<\/td><td>Tonifiante, soulage les maux de t\u00eate<\/td><\/tr><tr><td>Ravintsara<\/td><td>Antivirale, id\u00e9ale en p\u00e9riode hivernale<\/td><\/tr><tr><td>Camomille romaine<\/td><td>Anti-inflammatoire, antispasmodique<\/td><\/tr><\/tbody><\/table><\/figure>\n\n\n\n<p class=\"has-text-color has-link-color has-medium-font-size wp-elements-280d339eec6c9ebc37bbdbd50fd88ea2\" style=\"color:#20966f\">\ud83d\udc49 Bien entendu, l\u2019usage de ces huiles doit toujours \u00eatre personnalis\u00e9 et s\u00e9curis\u00e9.<\/p>\n\n\n<div class=\"wp-block-image is-style-rounded\">\n<figure class=\"aligncenter size-full is-resized\"><img loading=\"lazy\" decoding=\"async\" width=\"940\" height=\"788\" src=\"https:\/\/www.yukisan-naturo.fr\/wp-content\/uploads\/2025\/06\/huile-essenteille-tableau.png\" alt=\"Lavande, menthe, tea tree, raavintsara en aromath\u00e9rapie naturelle \" class=\"wp-image-245\" style=\"width:435px;height:auto\" srcset=\"https:\/\/www.yukisan-naturo.fr\/wp-content\/uploads\/2025\/06\/huile-essenteille-tableau.png 940w, https:\/\/www.yukisan-naturo.fr\/wp-content\/uploads\/2025\/06\/huile-essenteille-tableau-300x251.png 300w, https:\/\/www.yukisan-naturo.fr\/wp-content\/uploads\/2025\/06\/huile-essenteille-tableau-768x644.png 768w\" sizes=\"auto, (max-width: 940px) 100vw, 940px\" \/><\/figure>\n<\/div>\n\n\n<p class=\"has-text-color has-link-color has-large-font-size wp-elements-3967e4be4ec4aa9749e57047c212ea96\" style=\"color:#d09d1c\">\u2728 <strong>Comment les utiliser en toute s\u00e9curit\u00e9\u202f?<\/strong><\/p>\n\n\n\n<p class=\"has-text-color has-link-color has-medium-font-size wp-elements-d12e8e75ff9c02e331ffa3faf523b9e3\" style=\"color:#20966f\">Les huiles essentielles peuvent \u00eatre utilis\u00e9es de diff\u00e9rentes fa\u00e7ons :<\/p>\n\n\n\n<p class=\"has-text-color has-link-color has-medium-font-size wp-elements-e7d5378a3873f84f1752e293dd79e4ed\" style=\"color:#20966f\"><strong>En diffusion<\/strong> : pour purifier l\u2019air ou cr\u00e9er une ambiance relaxante<\/p>\n\n\n\n<p class=\"has-text-color has-link-color has-medium-font-size wp-elements-e0224bcf8a56ba92b2aa9636e607c44a\" style=\"color:#20966f\"><strong>Par application cutan\u00e9e<\/strong> : dilu\u00e9es dans une huile v\u00e9g\u00e9tale pour masser ou apaiser une zone cibl\u00e9e<\/p>\n\n\n\n<p class=\"has-text-color has-link-color has-medium-font-size wp-elements-998e8f85c4900a2148befb102fe6570a\" style=\"color:#20966f\"><strong>En inhalation<\/strong> : s\u00e8che (sur un mouchoir) ou humide (dans un bol d\u2019eau chaude)<\/p>\n\n\n<div class=\"wp-block-image is-style-rounded\">\n<figure class=\"aligncenter size-full is-resized\"><img loading=\"lazy\" decoding=\"async\" width=\"940\" height=\"788\" src=\"https:\/\/www.yukisan-naturo.fr\/wp-content\/uploads\/2025\/06\/schema-utilisation-huile-essentielle.png\" alt=\"Diffusion et massage avec huiles essentielles\" class=\"wp-image-246\" style=\"width:545px;height:auto\" srcset=\"https:\/\/www.yukisan-naturo.fr\/wp-content\/uploads\/2025\/06\/schema-utilisation-huile-essentielle.png 940w, https:\/\/www.yukisan-naturo.fr\/wp-content\/uploads\/2025\/06\/schema-utilisation-huile-essentielle-300x251.png 300w, https:\/\/www.yukisan-naturo.fr\/wp-content\/uploads\/2025\/06\/schema-utilisation-huile-essentielle-768x644.png 768w\" sizes=\"auto, (max-width: 940px) 100vw, 940px\" \/><\/figure>\n<\/div>\n\n\n<p class=\"has-text-color has-link-color has-medium-font-size wp-elements-4ddeb27074c672241b7b13ba7c06f7e3\" style=\"color:#20966f\"><br>\u26a0\ufe0f Il est essentiel de respecter les dosages, les indications, et d\u2019adapter l\u2019usage \u00e0 votre situation (enfants, grossesse, pathologies\u2026).<br>C\u2019est pourquoi je vous accompagne avec des conseils personnalis\u00e9s adapt\u00e9s \u00e0 vos besoins.<\/p>\n\n\n\n<p class=\"has-text-color has-link-color has-large-font-size wp-elements-f0d90ba9023708dafbdfa7b82e9450f6\" style=\"color:#d09d1c\">\ud83e\uddea <strong>Des ateliers pour d\u00e9couvrir l\u2019aromath\u00e9rapie autrement<\/strong><\/p>\n\n\n\n<p class=\"has-text-color has-link-color has-medium-font-size wp-elements-53d7b0259a2fbd9ed7d2c450685cd40d\" style=\"color:#20966f\">Vous souhaitez apprendre \u00e0 utiliser les huiles essentielles chez vous, en toute confiance\u202f?<\/p>\n\n\n\n<p class=\"has-text-color has-link-color has-medium-font-size wp-elements-e6d99ec61674c93f92810c9063776dec\" style=\"color:#20966f\">Je vous propose des <strong>ateliers conviviaux<\/strong> pour :<\/p>\n\n\n\n<p class=\"has-text-color has-link-color has-medium-font-size wp-elements-892a2a2015f099611bb4b256fad40464\" style=\"color:#20966f\">d\u00e9couvrir les propri\u00e9t\u00e9s des huiles essentielles,<\/p>\n\n\n\n<p class=\"has-text-color has-link-color has-medium-font-size wp-elements-a5d383d29903a055c28128c30c3e2037\" style=\"color:#20966f\">apprendre \u00e0 les utiliser au quotidien,<\/p>\n\n\n\n<p class=\"has-text-color has-link-color has-medium-font-size wp-elements-e8773e10a7a57c2d6ae633d7cf8faf88\" style=\"color:#20966f\">cr\u00e9er vos propres m\u00e9langes personnalis\u00e9s (sprays, roll-on, baumes\u2026).<\/p>\n\n\n\n<p class=\"has-text-color has-link-color has-medium-font-size wp-elements-54cac8a542d7b1212de68bd1f4d7e2be\" style=\"color:#20966f\">\ud83d\uddd3\ufe0f Un moment d\u2019\u00e9change, de partage et de cr\u00e9ation, dans la bonne humeur !<\/p>\n\n\n<div class=\"wp-block-image is-style-rounded\">\n<figure class=\"aligncenter size-full is-resized\"><img loading=\"lazy\" decoding=\"async\" width=\"940\" height=\"788\" src=\"https:\/\/www.yukisan-naturo.fr\/wp-content\/uploads\/2025\/06\/diy-huile-essentielle.png\" alt=\"Atelier cr\u00e9ation cosm\u00e9tique naturelle et huiles essentielles\" class=\"wp-image-248\" style=\"width:512px;height:auto\" srcset=\"https:\/\/www.yukisan-naturo.fr\/wp-content\/uploads\/2025\/06\/diy-huile-essentielle.png 940w, https:\/\/www.yukisan-naturo.fr\/wp-content\/uploads\/2025\/06\/diy-huile-essentielle-300x251.png 300w, https:\/\/www.yukisan-naturo.fr\/wp-content\/uploads\/2025\/06\/diy-huile-essentielle-768x644.png 768w\" sizes=\"auto, (max-width: 940px) 100vw, 940px\" \/><\/figure>\n<\/div>\n\n\n<p class=\"has-text-color has-link-color has-medium-font-size wp-elements-c53e4b4197030cab067407e5c70a5599\" style=\"color:#20966f\">\ud83d\udce3 Pour ne rien manquer, suivez-moi sur les r\u00e9seaux sociaux. Likez, partagez, et inscrivez-vous \u00e0 l\u2019atelier qui vous inspire le plus.<\/p>\n\n\n\n<p class=\"has-text-color has-link-color has-large-font-size wp-elements-f5a192bea51e844c542c16a08d58f08b\" style=\"color:#d09d1c\">\ud83d\udcde <strong>Un besoin, une question ? Je suis l\u00e0 pour vous aider<\/strong><\/p>\n\n\n\n<p class=\"has-text-color has-link-color has-medium-font-size wp-elements-8e8c1a6a558c08773b22947b03cc583e\" style=\"color:#20966f\">Chaque personne est unique, chaque probl\u00e9matique m\u00e9rite une approche sur mesure.<br>Je vous propose des <strong>rendez-vous individuels<\/strong> pour vous guider dans l\u2019usage des huiles essentielles, en toute s\u00e9curit\u00e9.<\/p>\n\n\n\n<p class=\"has-text-color has-link-color has-medium-font-size wp-elements-f57b9aef864de3a1b19e37dc4a7261c0\" style=\"color:#20966f\">\ud83d\udc49 R\u00e9servez votre rendez-vous d\u00e8s maintenant et explorez les bienfaits de l\u2019aromath\u00e9rapie, guid\u00e9(e) par une conseill\u00e8re en aromath\u00e9rapie.<\/p>\n\n\n<div class=\"wp-block-image is-style-rounded\">\n<figure class=\"aligncenter size-large is-resized\"><img loading=\"lazy\" decoding=\"async\" width=\"682\" height=\"1024\" src=\"https:\/\/www.yukisan-naturo.fr\/wp-content\/uploads\/2025\/06\/moi-682x1024.jpg\" alt=\"Praticienne en naturopathie, conseill\u00e8re en aromath\u00e9rapie\" class=\"wp-image-249\" style=\"width:309px;height:auto\" srcset=\"https:\/\/www.yukisan-naturo.fr\/wp-content\/uploads\/2025\/06\/moi-682x1024.jpg 682w, https:\/\/www.yukisan-naturo.fr\/wp-content\/uploads\/2025\/06\/moi-200x300.jpg 200w, https:\/\/www.yukisan-naturo.fr\/wp-content\/uploads\/2025\/06\/moi-768x1153.jpg 768w, https:\/\/www.yukisan-naturo.fr\/wp-content\/uploads\/2025\/06\/moi-1023x1536.jpg 1023w, https:\/\/www.yukisan-naturo.fr\/wp-content\/uploads\/2025\/06\/moi.jpg 1066w\" sizes=\"auto, (max-width: 682px) 100vw, 682px\" \/><\/figure>\n<\/div>","protected":false},"excerpt":{"rendered":"<p>\ud83e\udeb7 Aromath\u00e9rapie \u2013 Le pouvoir naturel des huiles essentielles Un voyage sensoriel au c\u0153ur du bien-\u00eatre L\u2019aromath\u00e9rapie est l\u2019art d\u2019utiliser les huiles essentielles pour prendre soin de soi naturellement. Ces &hellip; <\/p>\n","protected":false},"author":1,"featured_media":244,"parent":0,"menu_order":0,"comment_status":"closed","ping_status":"closed","template":"","meta":{"footnotes":""},"class_list":["post-106","page","type-page","status-publish","has-post-thumbnail","hentry"],"_links":{"self":[{"href":"https:\/\/www.yukisan-naturo.fr\/index.php\/wp-json\/wp\/v2\/pages\/106","targetHints":{"allow":["GET"]}}],"collection":[{"href":"https:\/\/www.yukisan-naturo.fr\/index.php\/wp-json\/wp\/v2\/pages"}],"about":[{"href":"https:\/\/www.yukisan-naturo.fr\/index.php\/wp-json\/wp\/v2\/types\/page"}],"author":[{"embeddable":true,"href":"https:\/\/www.yukisan-naturo.fr\/index.php\/wp-json\/wp\/v2\/users\/1"}],"replies":[{"embeddable":true,"href":"https:\/\/www.yukisan-naturo.fr\/index.php\/wp-json\/wp\/v2\/comments?post=106"}],"version-history":[{"count":11,"href":"https:\/\/www.yukisan-naturo.fr\/index.php\/wp-json\/wp\/v2\/pages\/106\/revisions"}],"predecessor-version":[{"id":250,"href":"https:\/\/www.yukisan-naturo.fr\/index.php\/wp-json\/wp\/v2\/pages\/106\/revisions\/250"}],"wp:featuredmedia":[{"embeddable":true,"href":"https:\/\/www.yukisan-naturo.fr\/index.php\/wp-json\/wp\/v2\/media\/244"}],"wp:attachment":[{"href":"https:\/\/www.yukisan-naturo.fr\/index.php\/wp-json\/wp\/v2\/media?parent=106"}],"curies":[{"name":"wp","href":"https:\/\/api.w.org\/{rel}","templated":true}]}}